{"id":1,"date":"2019-09-05T08:43:56","date_gmt":"2019-09-05T08:43:56","guid":{"rendered":"http:\/\/bant06.xyz\/?p=1"},"modified":"2025-07-23T13:57:37","modified_gmt":"2025-07-23T13:57:37","slug":"home","status":"publish","type":"page","link":"https:\/\/sanattarihi.itu.edu.tr\/","title":{"rendered":"Ana Sayfa"},"content":{"rendered":"<p><img decoding=\"async\" src=\"\/wp-content\/uploads\/yootheme\/line-04.svg\" alt=\"\"><br \/>\n<img decoding=\"async\" src=\"\/wp-content\/uploads\/yootheme\/line-05.svg\" alt=\"\"><\/p>\n<h1>\u0130T\u00dc Sanat Tarihi<\/h1>\n<div>\u0130T\u00dc Sanat Tarihi<\/div>\n<div>\n<p>\u0130T\u00dc Sanat Tarihi Lisans\u00fcst\u00fc Program\u0131, sanat tarihine kuramsal, analitik ve disiplinleraras\u0131 bir bak\u0131\u015f a\u00e7\u0131s\u0131yla yakla\u015fan; ele\u015ftirel d\u00fc\u015f\u00fcnceyi \u00f6n planda tutan bir akademik ortam sunmaktad\u0131r. Bu sayede, tez \u00e7al\u0131\u015fmalar\u0131nda hem d\u00f6nemsel, kuramsal ve geleneksel yakla\u015f\u0131mlar hem de sanat tarihinin farkl\u0131 disiplinlerle kesi\u015fim noktalar\u0131n\u0131 ke\u015ffetmeyi ama\u00e7layan \u00f6zg\u00fcn ara\u015ft\u0131rmalara imk\u00e2n tan\u0131nmaktad\u0131r.<\/p>\n<\/div>\n<p><img decoding=\"async\" src=\"\/wp-content\/uploads\/yootheme\/home-hero.png\" alt=\"\"><\/p>\n<p><!--more--><br \/>\n<!-- {\"type\":\"layout\",\"children\":[{\"type\":\"section\",\"props\":{\"class\":\"uk-position-relative\",\"header_transparent\":true,\"header_transparent_noplaceholder\":false,\"header_transparent_text_color\":\"dark\",\"height\":\"viewport\",\"height_offset_top\":true,\"image_position\":\"center-center\",\"overlap\":false,\"padding\":\"xlarge\",\"padding_remove_bottom\":false,\"style\":\"primary\",\"title_breakpoint\":\"xl\",\"title_position\":\"top-left\",\"title_rotation\":\"left\",\"vertical_align\":\"middle\",\"width\":\"\"},\"children\":[{\"type\":\"row\",\"props\":{\"layout\":\"1-2,1-2\",\"margin\":\"remove-vertical\"},\"children\":[{\"type\":\"column\",\"props\":{\"css\":\".el-column > * { position: static; }\",\"image_position\":\"center-center\",\"position_sticky_breakpoint\":\"m\",\"width_medium\":\"1-2\"},\"children\":[{\"type\":\"image\",\"props\":{\"css\":\".el-image { max-width: 40vw; }\",\"image\":\"wp-content\\\/uploads\\\/yootheme\\\/line-04.svg\",\"image_height\":\"750\",\"image_loading\":true,\"image_svg_animate\":true,\"image_svg_color\":\"emphasis\",\"image_svg_inline\":true,\"image_width\":\"570\",\"margin\":\"default\",\"position\":\"absolute\",\"position_left\":\"0\",\"position_top\":\"0\",\"position_z_index\":\"0\",\"text_align\":\"left\",\"visibility\":\"s\"}}]},{\"type\":\"column\",\"props\":{\"css\":\".el-column > * { position: static; }\",\"image_position\":\"center-center\",\"position_sticky_breakpoint\":\"m\",\"width_medium\":\"1-2\"},\"children\":[{\"type\":\"image\",\"props\":{\"css\":\".el-image { max-width: 30vw; }\",\"image\":\"wp-content\\\/uploads\\\/yootheme\\\/line-05.svg\",\"image_height\":\"685\",\"image_loading\":true,\"image_svg_animate\":true,\"image_svg_color\":\"emphasis\",\"image_svg_inline\":true,\"image_width\":\"535\",\"margin\":\"default\",\"position\":\"absolute\",\"position_right\":\"0\",\"position_top\":\"0\",\"position_z_index\":\"0\",\"text_align\":\"right\",\"visibility\":\"s\"}}]}]},{\"type\":\"row\",\"children\":[{\"type\":\"column\",\"props\":{\"image_position\":\"center-center\",\"position_sticky_breakpoint\":\"m\"},\"children\":[{\"type\":\"headline\",\"props\":{\"content\":\"\\u0130T\\u00dc Sanat Tarihi\",\"position\":\"relative\",\"position_z_index\":\"1\",\"text_align\":\"left\",\"text_align_breakpoint\":\"m\",\"text_align_fallback\":\"center\",\"title_element\":\"h1\",\"title_style\":\"heading-xlarge\",\"visibility\":\"s\"}},{\"type\":\"headline\",\"props\":{\"content\":\"\\u0130T\\u00dc Sanat Tarihi\",\"text_align\":\"left\",\"text_align_breakpoint\":\"m\",\"text_align_fallback\":\"center\",\"title_element\":\"div\",\"title_style\":\"heading-xlarge\",\"visibility\":\"hidden-s\"}},{\"type\":\"text\",\"props\":{\"class\":\"uk-width-xlarge@l\",\"column_breakpoint\":\"m\",\"content\":\"\n\n<p>\\u0130T\\u00dc Sanat Tarihi Lisans\\u00fcst\\u00fc Program\\u0131, sanat tarihine kuramsal, analitik ve disiplinleraras\\u0131 bir bak\\u0131\\u015f a\\u00e7\\u0131s\\u0131yla yakla\\u015fan; ele\\u015ftirel d\\u00fc\\u015f\\u00fcnceyi \\u00f6n planda tutan bir akademik ortam sunmaktad\\u0131r. Bu sayede, tez \\u00e7al\\u0131\\u015fmalar\\u0131nda hem d\\u00f6nemsel, kuramsal ve geleneksel yakla\\u015f\\u0131mlar hem de sanat tarihinin farkl\\u0131 disiplinlerle kesi\\u015fim noktalar\\u0131n\\u0131 ke\\u015ffetmeyi ama\\u00e7layan \\u00f6zg\\u00fcn ara\\u015ft\\u0131rmalara imk\\u00e2n tan\\u0131nmaktad\\u0131r.<\\\/p>\",\"margin\":\"medium\",\"maxwidth\":\"large\",\"maxwidth_breakpoint\":\"m\",\"position\":\"relative\",\"position_z_index\":\"1\",\"text_align\":\"left\",\"text_align_breakpoint\":\"m\",\"text_align_fallback\":\"center\",\"text_style\":\"large\"}}]}],\"props\":{\"margin\":\"remove-vertical\",\"width\":\"small\"}},{\"type\":\"row\",\"props\":{\"margin\":\"remove-vertical\",\"width\":\"small\"},\"children\":[{\"type\":\"column\",\"props\":{\"css\":\".el-column > * { position: static; }\",\"image_position\":\"center-center\",\"position_sticky_breakpoint\":\"m\"},\"children\":[{\"type\":\"image\",\"props\":{\"css\":\".el-image { max-width: 54vw; }\\n.el-element { pointer-events: none; }\\n\\n@media (max-width: 1199px) {\\n    .el-element { \\n        right: -80px!important;\\n        text-align: right!important; }\\n}\",\"image\":\"wp-content\\\/uploads\\\/yootheme\\\/home-hero.png\",\"image_loading\":true,\"image_svg_color\":\"emphasis\",\"image_width\":\"680\",\"margin\":\"default\",\"position\":\"absolute\",\"position_bottom\":\"0\",\"position_right\":\"-600\",\"position_z_index\":\"1\",\"text_align\":\"center\",\"visibility\":\"m\"}}]}]}],\"name\":\"Hero\"}],\"version\":\"4.3.5\"} --><\/p>\n","protected":false},"excerpt":{"rendered":"<p>\u0130T\u00dc Sanat Tarihi \u0130T\u00dc Sanat Tarihi \u0130T\u00dc Sanat Tarihi Lisans\u00fcst\u00fc Program\u0131, sanat tarihine kuramsal, analitik ve disiplinleraras\u0131 bir bak\u0131\u015f a\u00e7\u0131s\u0131yla yakla\u015fan; ele\u015ftirel d\u00fc\u015f\u00fcnceyi \u00f6n planda tutan bir akademik ortam sunmaktad\u0131r. Bu sayede, tez \u00e7al\u0131\u015fmalar\u0131nda hem d\u00f6nemsel, kuramsal ve geleneksel yakla\u015f\u0131mlar hem de sanat tarihinin farkl\u0131 disiplinlerle kesi\u015fim noktalar\u0131n\u0131 ke\u015ffetmeyi ama\u00e7layan \u00f6zg\u00fcn ara\u015ft\u0131rmalara imk\u00e2n tan\u0131nmaktad\u0131r.<\/p>\n","protected":false},"author":1,"featured_media":0,"parent":0,"menu_order":3,"comment_status":"open","ping_status":"open","template":"","meta":{"_acf_changed":false,"footnotes":""},"class_list":["post-1","page","type-page","status-publish","hentry"],"acf":[],"_links":{"self":[{"href":"https:\/\/sanattarihi.itu.edu.tr\/index.php?rest_route=\/wp\/v2\/pages\/1","targetHints":{"allow":["GET"]}}],"collection":[{"href":"https:\/\/sanattarihi.itu.edu.tr\/index.php?rest_route=\/wp\/v2\/pages"}],"about":[{"href":"https:\/\/sanattarihi.itu.edu.tr\/index.php?rest_route=\/wp\/v2\/types\/page"}],"author":[{"embeddable":true,"href":"https:\/\/sanattarihi.itu.edu.tr\/index.php?rest_route=\/wp\/v2\/users\/1"}],"replies":[{"embeddable":true,"href":"https:\/\/sanattarihi.itu.edu.tr\/index.php?rest_route=%2Fwp%2Fv2%2Fcomments&post=1"}],"version-history":[{"count":9,"href":"https:\/\/sanattarihi.itu.edu.tr\/index.php?rest_route=\/wp\/v2\/pages\/1\/revisions"}],"predecessor-version":[{"id":2715,"href":"https:\/\/sanattarihi.itu.edu.tr\/index.php?rest_route=\/wp\/v2\/pages\/1\/revisions\/2715"}],"wp:attachment":[{"href":"https:\/\/sanattarihi.itu.edu.tr\/index.php?rest_route=%2Fwp%2Fv2%2Fmedia&parent=1"}],"curies":[{"name":"wp","href":"https:\/\/api.w.org\/{rel}","templated":true}]}}