{"id":22,"date":"2021-09-17T13:19:36","date_gmt":"2021-09-17T13:19:36","guid":{"rendered":"http:\/\/bant06.xyz\/?p=22"},"modified":"2025-06-16T12:29:23","modified_gmt":"2025-06-16T12:29:23","slug":"graffiti-beginner-workshop","status":"publish","type":"page","link":"https:\/\/sanattarihi.itu.edu.tr\/?page_id=22","title":{"rendered":"Aday \u00d6\u011frenci"},"content":{"rendered":"<p><img decoding=\"async\" src=\"\/wp-content\/uploads\/yootheme\/line-09.svg\" alt=\"\"><\/p>\n<h1>Aday \u00d6\u011frenci<\/h1>\n<h1>Y\u00fcksek Lisans<\/h1>\n<div>\n<h3>Ba\u015fvuru Ko\u015fullar\u0131<\/h3>\n<\/div>\n<ul>\n<li>\n<div>\n<p>ALES S\u00f6zel Puan\u0131 (Min.): 70\u00a0<\/p>\n<\/div>\n<\/li>\n<li>\n<div>\n<p>GRE Quantitative (Min.): 675 (Eski Sistem), 153 (Yeni Sistem)<\/p>\n<\/p>\n<\/div>\n<\/li>\n<li>\n<div>\n<p>Yabanc\u0131 Dil (Min.): \u0130T\u00dc YDY &#8211; 65\/100; TOEFL \u0130BT &#8211; 78\/120; PTE Akademik &#8211; 62\/90; YDS ve Y\u00d6KD\u0130L &#8211; 65\/100\u00a0<\/p>\n<\/p>\n<\/div>\n<\/li>\n<li>\n<div>\n<p>Lisans Mezuniyet Not Ortalamas\u0131 (Min.): 2.85\/4.00 &#8211; 73.16\/100<\/p>\n<\/p>\n<\/div>\n<\/li>\n<li>\n<div>\n<p>Niyet Mektubu (Min.): 500 s\u00f6zc\u00fck (Tez \u00f6nerisi i\u00e7ermelidir.)\u00a0<\/p>\n<\/p>\n<\/div>\n<\/li>\n<li>\n<div>\n<p>Referans Mektubu: 2 adet (Ba\u015fvuru sistemine y\u00fcklenecek veya imzal\u0131 kapal\u0131 zarfta m\u00fclakat s\u0131ras\u0131nda haz\u0131r bulundurulacak.) + 1 adet (<span>\u0130T\u00dc i\u00e7inden bir \u00f6\u011fretim \u00fcyesinin tezli y\u00fcksek lisans \u00e7al\u0131\u015fmas\u0131n\u0131 birlikte y\u00fcr\u00fctebileceklerine dair niyet mektup m\u00fclakat s\u0131ras\u0131nda haz\u0131r bulundurulacak.<\/span>)<\/p>\n<\/p>\n<\/div>\n<\/li>\n<li>\n<div>\n<p>\u00d6zge\u00e7mi\u015f: Sisteme y\u00fcklenecek<\/p>\n<\/div>\n<\/li>\n<\/ul>\n<hr>\n<h1>Doktora<\/h1>\n<div>\n<h3>Ba\u015fvuru Ko\u015fullar\u0131<\/h3>\n<\/div>\n<ul>\n<li>\n<div>\n<p>ALES S\u00f6zel Puan\u0131 (Min.): 70\u00a0<\/p>\n<\/div>\n<\/li>\n<li>\n<div>\n<p>GRE Quantitative (Min.): 675 (Eski Sistem), 153 (Yeni Sistem)<\/p>\n<\/p>\n<\/div>\n<\/li>\n<li>\n<div>\n<p>Yabanc\u0131 Dil (Min.): \u0130T\u00dc YDY &#8211; 65\/100; TOEFL \u0130BT &#8211; 78\/120; PTE Akademik &#8211; 62\/90; YDS ve Y\u00d6KD\u0130L &#8211; 65\/100\u00a0<\/p>\n<\/p>\n<\/div>\n<\/li>\n<li>\n<div>\n<p>Y\u00fcksek Lisans Mezuniyet Not Ortalamas\u0131 (Min.): 3.00\/4.00 &#8211; 76.66\/100 (Lisanstan ba\u015fvuracaklar i\u00e7in 3.5\/4.00 &#8211; 88.33\/100)<\/p>\n<\/p>\n<\/div>\n<\/li>\n<li>\n<div>\n<p>Niyet Mektubu (Min.): 1000 s\u00f6zc\u00fck (Tez \u00f6nerisi i\u00e7ermelidir.)\u00a0<\/p>\n<\/p>\n<\/div>\n<\/li>\n<li>\n<div>\n<p>Referans Mektubu: 2 adet (Ba\u015fvuru sistemine y\u00fcklenecek veya imzal\u0131 kapal\u0131 zarfta m\u00fclakat s\u0131ras\u0131nda haz\u0131r bulundurulacak.) + 1 adet (<span>\u0130T\u00dc i\u00e7inden bir \u00f6\u011fretim \u00fcyesinin tezli y\u00fcksek lisans \u00e7al\u0131\u015fmas\u0131n\u0131 birlikte y\u00fcr\u00fctebileceklerine dair niyet mektup m\u00fclakat s\u0131ras\u0131nda haz\u0131r bulundurulacak.<\/span>)<\/p>\n<\/p>\n<\/div>\n<\/li>\n<li>\n<div>\n<p>\u00d6zge\u00e7mi\u015f: Sisteme y\u00fcklenecek<\/p>\n<\/p>\n<\/div>\n<\/li>\n<li>\n<div>\n<p>*Doktoraya ba\u015fvuran adaylar, y\u00fcksek lisans tezlerinin sonu\u00e7lar\u0131n\u0131 anlatan en az 1000 s\u00f6zc\u00fckten olu\u015fan bir yaz\u0131 haz\u0131rlayarak sisteme y\u00fcklemelidirler. Y\u00fcksek Lisans tezlerini m\u00fclakat s\u0131ras\u0131nda haz\u0131r bulundurmal\u0131d\u0131rlar. Doktora e\u011fitimine kabul s\u0131ras\u0131nda adaylar\u0131n lisans veya y\u00fcksek lisanslar\u0131ndan en az birinin sosyal bilimler alan\u0131nda olmas\u0131 tercih sebebidir.\u00a0<\/p>\n<\/div>\n<\/li>\n<\/ul>\n<h2>S\u0131k Sorulan Sorular<\/h2>\n<div>\n<p>Ba\u015fvurunuzdan \u00f6nce dikkatle inceleyiniz.\u00a0<\/p>\n<\/div>\n<ul>\n<li>\n<h3>Lisans\u00fcst\u00fc ba\u015fvurular ne zaman al\u0131nmaktad\u0131r?<\/h3>\n<div>\n<p>Lisans\u00fcst\u00fc ba\u015fvuralar ile ilgili takvim \u0130T\u00dc Lisans\u00fcst\u00fc E\u011fitim Enstit\u00fcs\u00fc taraf\u0131ndan y\u00fcr\u00fct\u00fclmektedir. Genellikle her y\u0131l g\u00fcz ve bahar yar\u0131y\u0131llar\u0131 i\u00e7in ayr\u0131 ayr\u0131 ba\u015fvuru al\u0131nmaktad\u0131r. Ba\u015fvuru tarihleri i\u00e7in \u0130T\u00dc LEE Web Sayfas\u0131n\u0131 (https:\/\/lee.itu.edu.tr\/) takip ediniz.<\/p>\n<\/div>\n<\/li>\n<li>\n<h3>Lisans\u00fcst\u00fc ba\u015fvuralar\u0131 nas\u0131l yap\u0131lmaktad\u0131r? <\/h3>\n<div>\n<p>Lisans\u00fcst\u00fc ba\u015fvuralar\u0131 \u00e7evrimi\u00e7i olarak y\u00fcr\u00fct\u00fclmektedir. Ancak lisans\u00fcst\u00fc kabul s\u00fcre\u00e7lerinde y\u00fcz y\u00fcze s\u0131navlar\/g\u00f6r\u00fc\u015fmeler yap\u0131lmaktad\u0131r. Bu sebeple aday\u0131n ba\u015fvuru esnas\u0131nda de\u011filse de kabul s\u00fcrecinde fiziksel olarak kat\u0131l\u0131m\u0131 gerekmektedir.\u00a0<\/p>\n<\/div>\n<\/li>\n<li>\n<h3>Ayn\u0131 anda ka\u00e7 farkl\u0131 programa ba\u015fvuru yap\u0131labilmektedir?<\/h3>\n<div>\n<p>Her bir aday, ayn\u0131 ba\u015fvuru d\u00f6neminde en fazla \u00fc\u00e7 farkl\u0131 programa ba\u015fvuru yapabilmektedir.\u00a0<\/p>\n<\/div>\n<\/li>\n<li>\n<h3>Ba\u015fvuru sonras\u0131 s\u0131nav veya m\u00fclakat bilgilerini nas\u0131l edinebilirim?<\/h3>\n<div>\n<p>Lisans\u00fcst\u00fc ba\u015fvuru ve kabul s\u00fcreci \u0130T\u00dc LEE taraf\u0131ndan y\u00fcr\u00fct\u00fclmektedir. Bu sebeple adaylar\u0131n ba\u015fvuralar\u0131 sonras\u0131 s\u0131nav\/m\u00fclakat gibi uygulamalar ile ilgili tarih ve yer bilgilerini \u0130T\u00dc LEE Web sayfas\u0131n\u0131n ilgili b\u00f6l\u00fcm\u00fcnden (https:\/\/lee.itu.edu.tr\/egitim\/program-mulakat-bilgileri) takip etmeleri gerekmektedir.\u00a0<\/p>\n<\/div>\n<\/li>\n<li>\n<h3>S\u0131nav\/M\u00fclakat sonu\u00e7lar\u0131 nereden ilan edilmektedir? <\/h3>\n<div>\n<p>Ba\u015fvuru sonras\u0131 s\u0131nav s\u00fcre\u00e7lerinin tamamlanmas\u0131n\u0131n ard\u0131ndan sonu\u00e7lar \u00d6\u011frenci \u0130\u015fleri Daire Ba\u015fkanl\u0131\u011f\u0131 web sayfas\u0131 (https:\/\/www.sis.itu.edu.tr\/) \u00fczerinden takip edilmelidir.<\/p>\n<\/div>\n<\/li>\n<li>\n<h3>Niyet mektubumu nas\u0131l haz\u0131rlamal\u0131y\u0131m? <\/h3>\n<div>\n<p>Sanat Tarihi Y\u00fcksek Lisans program\u0131 i\u00e7in 500 s\u00f6zc\u00fckten olu\u015fan, Sanat Tarihi Doktora program\u0131 i\u00e7in 1000 s\u00f6zc\u00fckten olu\u015fan bir mektup haz\u0131rlanmal\u0131d\u0131r. Bu mektup \u00e7al\u0131\u015f\u0131lmas\u0131 d\u00fc\u015f\u00fcn\u00fclen tez \u00f6nerisini de kapsamal\u0131d\u0131r. Mektup MS Office vb. bir bilgisayar program\u0131 ile dijital ortamda haz\u0131rlanmal\u0131, yaz\u0131m kurallar\u0131na uygun olmal\u0131d\u0131r. \u00a0Niyet mektubu elektronik ba\u015fvuru s\u0131ras\u0131nda s\u0131ras\u0131nda sisteme y\u00fcklenmelidir.\u00a0<\/p>\n<\/div>\n<\/li>\n<li>\n<h3>\u0130T\u00dc i\u00e7erisinden bir \u00f6\u011fretim \u00fcyesinin niyet mektubu vermesi zorunlu mudur?<\/h3>\n<div>\n<p>\u0130T\u00dc Sanat Tarihi program\u0131 s\u0131n\u0131rl\u0131 bir kadroyla \u00e7al\u0131\u015fmaktad\u0131r. Lisans\u00fcst\u00fc e\u011fitiminizin ilerleyen a\u015famalar\u0131nda istenmeyen sorunlar\u0131n \u00e7\u0131kmamas\u0131 ve nitelikli \u00e7al\u0131\u015fmalar\u0131n yap\u0131labilmesi i\u00e7in b\u00f6yle bir zorunluluk bulunmaktad\u0131r. Bu kapsamda program\u0131n akademik kadrosunda bulunan \u00f6\u011fretim \u00fcyelerine ula\u015farak g\u00f6r\u00fc\u015fmeler yapman\u0131z olanakl\u0131d\u0131r.\u00a0<\/p>\n<\/div>\n<\/li>\n<li>\n<h3>Kabul almak i\u00e7in Sanat Tarihi e\u011fitimi alm\u0131\u015f olmak gerekli mi?<\/h3>\n<div>\n<p>\u0130T\u00dc Sanat Tarihi program\u0131 disiplinleraras\u0131 bir lisans\u00fcst\u00fc programd\u0131r. Y\u00fcksek Lisans e\u011fitimine her alandan doktora e\u011fitimine ise lisans veya y\u00fcksek lisans e\u011fitimlerinden en az biri sosyal bilimler alan\u0131nda olan adaylar ba\u015fvuru yapabilirler.\u00a0<\/p>\n<\/div>\n<\/li>\n<li>\n<h3>Bilimsel haz\u0131rl\u0131k program\u0131 bulunmakta m\u0131d\u0131r?<\/h3>\n<div>\n<p>\u0130T\u00dc, Sanat Tarihi alan\u0131nda bir lisans program\u0131na sahip olmad\u0131\u011f\u0131 i\u00e7in aktif bir bilimsel haz\u0131rl\u0131k e\u011fitimi yapmak olanakl\u0131 de\u011fildir. Bu sebeple adaylar\u0131n daha \u00f6nceki derecelerinde sanat tarihi e\u011fitimi alm\u0131\u015f olmalar\u0131, sanat tarihi odakl\u0131 programlara kat\u0131lm\u0131\u015f olmalar\u0131 avantaj sa\u011flamaktad\u0131r. Aksi durumlarda kabul almalar\u0131 durumunda \u00f6\u011frencilerin bilgi eksikliklerini akademik kadronun \u00f6nerileriyle ve kendi \u00e7abalar\u0131yla tamamlamas\u0131 beklenmektedir.\u00a0<\/p>\n<\/div>\n<\/li>\n<\/ul>\n<p><!--more--><br \/>\n<!-- {\"type\":\"layout\",\"children\":[{\"type\":\"section\",\"props\":{\"header_transparent\":true,\"header_transparent_noplaceholder\":true,\"header_transparent_text_color\":\"dark\",\"image_position\":\"center-center\",\"overlap\":false,\"padding\":\"xlarge\",\"padding_remove_bottom\":true,\"padding_remove_top\":false,\"style\":\"primary\",\"title_breakpoint\":\"xl\",\"title_position\":\"top-left\",\"title_rotation\":\"left\",\"vertical_align\":\"middle\",\"width\":\"\"},\"children\":[{\"type\":\"row\",\"children\":[{\"type\":\"column\",\"props\":{\"image_position\":\"center-center\",\"position_sticky_breakpoint\":\"m\"},\"children\":[{\"type\":\"image\",\"props\":{\"image\":\"wp-content\\\/uploads\\\/yootheme\\\/line-09.svg\",\"image_height\":\"1195\",\"image_loading\":true,\"image_svg_animate\":true,\"image_svg_color\":\"emphasis\",\"image_svg_inline\":true,\"image_width\":\"455\",\"margin\":\"default\",\"position\":\"absolute\",\"position_right\":\"0\",\"position_top\":\"-100\",\"position_z_index\":\"0\",\"text_align\":\"right\",\"visibility\":\"s\"}}]}],\"props\":{\"margin\":\"remove-vertical\"}},{\"type\":\"row\",\"children\":[{\"type\":\"column\",\"props\":{\"image_position\":\"center-center\",\"position_sticky_breakpoint\":\"m\"},\"children\":[{\"type\":\"headline\",\"props\":{\"content\":\"Aday \\u00d6\\u011frenci\",\"position\":\"relative\",\"position_z_index\":\"1\",\"text_align\":\"center\",\"title_element\":\"h1\",\"title_style\":\"heading-large\"}}]}],\"props\":{\"width\":\"small\"}}],\"name\":\"Hero\",\"modified\":\"2021-09-21T07:51:47.494Z\"},{\"type\":\"section\",\"props\":{\"image_position\":\"center-center\",\"style\":\"default\",\"title_breakpoint\":\"xl\",\"title_position\":\"top-left\",\"title_rotation\":\"left\",\"vertical_align\":\"middle\",\"width\":\"default\"},\"children\":[{\"type\":\"row\",\"children\":[{\"type\":\"column\",\"props\":{\"image_position\":\"center-center\",\"position_sticky_breakpoint\":\"m\"},\"children\":[{\"type\":\"headline\",\"props\":{\"content\":\"Y\\u00fcksek Lisans\",\"title_element\":\"h1\"}}]}]},{\"type\":\"row\",\"props\":{\"layout\":\"1-2,1-2\"},\"children\":[{\"type\":\"column\",\"props\":{\"image_position\":\"center-center\",\"position_sticky_breakpoint\":\"m\",\"width_medium\":\"1-2\"},\"children\":[{\"type\":\"panel\",\"props\":{\"content_column_breakpoint\":\"m\",\"icon_width\":80,\"image_align\":\"top\",\"image_grid_breakpoint\":\"m\",\"image_grid_width\":\"1-2\",\"image_svg_color\":\"emphasis\",\"link_style\":\"default\",\"link_text\":\"Read more\",\"margin\":\"default\",\"meta_align\":\"below-title\",\"meta_element\":\"div\",\"meta_style\":\"text-meta\",\"title\":\"Ba\\u015fvuru Ko\\u015fullar\\u0131\",\"title_align\":\"top\",\"title_element\":\"h3\",\"title_grid_breakpoint\":\"m\",\"title_grid_width\":\"1-2\",\"title_hover_style\":\"reset\"}}]},{\"type\":\"column\",\"props\":{\"image_position\":\"center-center\",\"position_sticky_breakpoint\":\"m\",\"width_medium\":\"1-2\"},\"children\":[{\"type\":\"list\",\"props\":{\"column_breakpoint\":\"m\",\"image_align\":\"left\",\"image_svg_color\":\"emphasis\",\"image_vertical_align\":true,\"list_element\":\"ul\",\"list_horizontal_separator\":\", \",\"list_type\":\"vertical\",\"show_image\":true,\"show_link\":true},\"children\":[{\"type\":\"list_item\",\"props\":{\"content\":\"\n\n<p>ALES S\\u00f6zel Puan\\u0131 (Min.): 70\\u00a0<\\\/p>\"}},{\"type\":\"list_item\",\"props\":{\"content\":\"\n\n<p>GRE Quantitative (Min.): 675 (Eski Sistem), 153 (Yeni Sistem)<\\\/p>\\n\n\n<p><\\\/p>\"}},{\"type\":\"list_item\",\"props\":{\"content\":\"\n\n<p>Yabanc\\u0131 Dil (Min.): \\u0130T\\u00dc YDY - 65\\\/100; TOEFL \\u0130BT - 78\\\/120; PTE Akademik - 62\\\/90; YDS ve Y\\u00d6KD\\u0130L - 65\\\/100\\u00a0<\\\/p>\\n\n\n<p><\\\/p>\"}},{\"type\":\"list_item\",\"props\":{\"content\":\"\n\n<p>Lisans Mezuniyet Not Ortalamas\\u0131 (Min.): 2.85\\\/4.00 - 73.16\\\/100<\\\/p>\\n\n\n<p><\\\/p>\"}},{\"type\":\"list_item\",\"props\":{\"content\":\"\n\n<p>Niyet Mektubu (Min.): 500 s\\u00f6zc\\u00fck (Tez \\u00f6nerisi i\\u00e7ermelidir.)\\u00a0<\\\/p>\\n\n\n<p><\\\/p>\"}},{\"type\":\"list_item\",\"props\":{\"content\":\"\n\n<p>Referans Mektubu: 2 adet (Ba\\u015fvuru sistemine y\\u00fcklenecek veya imzal\\u0131 kapal\\u0131 zarfta m\\u00fclakat s\\u0131ras\\u0131nda haz\\u0131r bulundurulacak.) + 1 adet (<span>\\u0130T\\u00dc i\\u00e7inden bir \\u00f6\\u011fretim \\u00fcyesinin tezli y\\u00fcksek lisans \\u00e7al\\u0131\\u015fmas\\u0131n\\u0131 birlikte y\\u00fcr\\u00fctebileceklerine dair niyet mektup m\\u00fclakat s\\u0131ras\\u0131nda haz\\u0131r bulundurulacak.<\\\/span>)<\\\/p>\\n\n\n<p><\\\/p>\"}},{\"type\":\"list_item\",\"props\":{\"content\":\"\n\n<p>\\u00d6zge\\u00e7mi\\u015f: Sisteme y\\u00fcklenecek<\\\/p>\"}}]}]}]},{\"type\":\"row\",\"children\":[{\"type\":\"column\",\"props\":{\"image_position\":\"center-center\",\"position_sticky_breakpoint\":\"m\"},\"children\":[{\"type\":\"divider\",\"props\":{\"divider_element\":\"hr\"}}]}]},{\"type\":\"row\",\"children\":[{\"type\":\"column\",\"props\":{\"image_position\":\"center-center\",\"position_sticky_breakpoint\":\"m\"},\"children\":[{\"type\":\"headline\",\"props\":{\"content\":\"Doktora\",\"title_element\":\"h1\"}}]}]},{\"type\":\"row\",\"props\":{\"layout\":\"1-2,1-2\"},\"children\":[{\"type\":\"column\",\"props\":{\"image_position\":\"center-center\",\"position_sticky_breakpoint\":\"m\",\"width_medium\":\"1-2\"},\"children\":[{\"type\":\"panel\",\"props\":{\"content_column_breakpoint\":\"m\",\"icon_width\":80,\"image_align\":\"top\",\"image_grid_breakpoint\":\"m\",\"image_grid_width\":\"1-2\",\"image_svg_color\":\"emphasis\",\"link_style\":\"default\",\"link_text\":\"Read more\",\"margin\":\"default\",\"meta_align\":\"below-title\",\"meta_element\":\"div\",\"meta_style\":\"text-meta\",\"title\":\"Ba\\u015fvuru Ko\\u015fullar\\u0131\",\"title_align\":\"top\",\"title_element\":\"h3\",\"title_grid_breakpoint\":\"m\",\"title_grid_width\":\"1-2\",\"title_hover_style\":\"reset\"}}]},{\"type\":\"column\",\"props\":{\"image_position\":\"center-center\",\"position_sticky_breakpoint\":\"m\",\"width_medium\":\"1-2\"},\"children\":[{\"type\":\"list\",\"props\":{\"column_breakpoint\":\"m\",\"image_align\":\"left\",\"image_svg_color\":\"emphasis\",\"image_vertical_align\":true,\"list_element\":\"ul\",\"list_horizontal_separator\":\", \",\"list_type\":\"vertical\",\"show_image\":true,\"show_link\":true},\"children\":[{\"type\":\"list_item\",\"props\":{\"content\":\"\n\n<p>ALES S\\u00f6zel Puan\\u0131 (Min.): 70\\u00a0<\\\/p>\"}},{\"type\":\"list_item\",\"props\":{\"content\":\"\n\n<p>GRE Quantitative (Min.): 675 (Eski Sistem), 153 (Yeni Sistem)<\\\/p>\\n\n\n<p><\\\/p>\"}},{\"type\":\"list_item\",\"props\":{\"content\":\"\n\n<p>Yabanc\\u0131 Dil (Min.): \\u0130T\\u00dc YDY - 65\\\/100; TOEFL \\u0130BT - 78\\\/120; PTE Akademik - 62\\\/90; YDS ve Y\\u00d6KD\\u0130L - 65\\\/100\\u00a0<\\\/p>\\n\n\n<p><\\\/p>\"}},{\"type\":\"list_item\",\"props\":{\"content\":\"\n\n<p>Y\\u00fcksek Lisans Mezuniyet Not Ortalamas\\u0131 (Min.): 3.00\\\/4.00 - 76.66\\\/100 (Lisanstan ba\\u015fvuracaklar i\\u00e7in 3.5\\\/4.00 - 88.33\\\/100)<\\\/p>\\n\n\n<p><\\\/p>\"}},{\"type\":\"list_item\",\"props\":{\"content\":\"\n\n<p>Niyet Mektubu (Min.): 1000 s\\u00f6zc\\u00fck (Tez \\u00f6nerisi i\\u00e7ermelidir.)\\u00a0<\\\/p>\\n\n\n<p><\\\/p>\"}},{\"type\":\"list_item\",\"props\":{\"content\":\"\n\n<p>Referans Mektubu: 2 adet (Ba\\u015fvuru sistemine y\\u00fcklenecek veya imzal\\u0131 kapal\\u0131 zarfta m\\u00fclakat s\\u0131ras\\u0131nda haz\\u0131r bulundurulacak.) + 1 adet (<span>\\u0130T\\u00dc i\\u00e7inden bir \\u00f6\\u011fretim \\u00fcyesinin tezli y\\u00fcksek lisans \\u00e7al\\u0131\\u015fmas\\u0131n\\u0131 birlikte y\\u00fcr\\u00fctebileceklerine dair niyet mektup m\\u00fclakat s\\u0131ras\\u0131nda haz\\u0131r bulundurulacak.<\\\/span>)<\\\/p>\\n\n\n<p><\\\/p>\"}},{\"type\":\"list_item\",\"props\":{\"content\":\"\n\n<p>\\u00d6zge\\u00e7mi\\u015f: Sisteme y\\u00fcklenecek<\\\/p>\\n\n\n<p><\\\/p>\"}},{\"type\":\"list_item\",\"props\":{\"content\":\"\n\n<p>*Doktoraya ba\\u015fvuran adaylar, y\\u00fcksek lisans tezlerinin sonu\\u00e7lar\\u0131n\\u0131 anlatan en az 1000 s\\u00f6zc\\u00fckten olu\\u015fan bir yaz\\u0131 haz\\u0131rlayarak sisteme y\\u00fcklemelidirler. Y\\u00fcksek Lisans tezlerini m\\u00fclakat s\\u0131ras\\u0131nda haz\\u0131r bulundurmal\\u0131d\\u0131rlar. Doktora e\\u011fitimine kabul s\\u0131ras\\u0131nda adaylar\\u0131n lisans veya y\\u00fcksek lisanslar\\u0131ndan en az birinin sosyal bilimler alan\\u0131nda olmas\\u0131 tercih sebebidir.\\u00a0<\\\/p>\"}}]}]}]}]},{\"type\":\"section\",\"props\":{\"header_transparent\":true,\"header_transparent_text_color\":\"dark\",\"image_position\":\"center-center\",\"padding\":\"xlarge\",\"padding_remove_bottom\":false,\"style\":\"primary\",\"title_breakpoint\":\"xl\",\"title_position\":\"top-left\",\"title_rotation\":\"left\",\"vertical_align\":\"middle\",\"width\":\"xlarge\"},\"children\":[{\"type\":\"row\",\"props\":{\"column_gap\":\"large\",\"layout\":\"1-2,1-2\",\"margin\":\"xlarge\",\"row_gap\":\"large\",\"width\":\"default\"},\"children\":[{\"type\":\"column\",\"props\":{\"image_position\":\"center-center\",\"position_sticky_breakpoint\":\"m\",\"width_medium\":\"1-2\"},\"children\":[{\"type\":\"headline\",\"props\":{\"block_align_breakpoint\":\"m\",\"block_align_fallback\":\"center\",\"content\":\"S\\u0131k Sorulan Sorular\",\"maxwidth\":\"large\",\"text_align\":\"left\",\"text_align_breakpoint\":\"m\",\"text_align_fallback\":\"center\",\"title_element\":\"h2\",\"title_style\":\"heading-small\"}},{\"type\":\"text\",\"props\":{\"block_align_breakpoint\":\"m\",\"block_align_fallback\":\"center\",\"column_breakpoint\":\"m\",\"content\":\"\n\n<p>Ba\\u015fvurunuzdan \\u00f6nce dikkatle inceleyiniz.\\u00a0<\\\/p>\",\"margin\":\"default\",\"maxwidth\":\"large\",\"text_align\":\"left\",\"text_align_breakpoint\":\"m\",\"text_align_fallback\":\"center\"}}]},{\"type\":\"column\",\"props\":{\"image_position\":\"center-center\",\"position_sticky_breakpoint\":\"m\",\"width_medium\":\"1-2\"},\"children\":[{\"type\":\"accordion\",\"props\":{\"collapsible\":true,\"content_column_breakpoint\":\"m\",\"content_margin\":\"large\",\"image_align\":\"top\",\"image_grid_breakpoint\":\"m\",\"image_grid_width\":\"1-2\",\"image_svg_color\":\"emphasis\",\"link_style\":\"default\",\"link_text\":\"Read more\",\"multiple\":false,\"show_image\":true,\"show_link\":true},\"children\":[{\"type\":\"accordion_item\",\"props\":{\"content\":\"\n\n<p>Lisans\\u00fcst\\u00fc ba\\u015fvuralar ile ilgili takvim \\u0130T\\u00dc Lisans\\u00fcst\\u00fc E\\u011fitim Enstit\\u00fcs\\u00fc taraf\\u0131ndan y\\u00fcr\\u00fct\\u00fclmektedir. Genellikle her y\\u0131l g\\u00fcz ve bahar yar\\u0131y\\u0131llar\\u0131 i\\u00e7in ayr\\u0131 ayr\\u0131 ba\\u015fvuru al\\u0131nmaktad\\u0131r. Ba\\u015fvuru tarihleri i\\u00e7in \\u0130T\\u00dc LEE Web Sayfas\\u0131n\\u0131 (https:\\\/\\\/lee.itu.edu.tr\\\/) takip ediniz.<\\\/p>\",\"title\":\"Lisans\\u00fcst\\u00fc ba\\u015fvurular ne zaman al\\u0131nmaktad\\u0131r?\"}},{\"type\":\"accordion_item\",\"props\":{\"content\":\"\n\n<p>Lisans\\u00fcst\\u00fc ba\\u015fvuralar\\u0131 \\u00e7evrimi\\u00e7i olarak y\\u00fcr\\u00fct\\u00fclmektedir. Ancak lisans\\u00fcst\\u00fc kabul s\\u00fcre\\u00e7lerinde y\\u00fcz y\\u00fcze s\\u0131navlar\\\/g\\u00f6r\\u00fc\\u015fmeler yap\\u0131lmaktad\\u0131r. Bu sebeple aday\\u0131n ba\\u015fvuru esnas\\u0131nda de\\u011filse de kabul s\\u00fcrecinde fiziksel olarak kat\\u0131l\\u0131m\\u0131 gerekmektedir.\\u00a0<\\\/p>\",\"title\":\"Lisans\\u00fcst\\u00fc ba\\u015fvuralar\\u0131 nas\\u0131l yap\\u0131lmaktad\\u0131r? \"}},{\"type\":\"accordion_item\",\"props\":{\"content\":\"\n\n<p>Her bir aday, ayn\\u0131 ba\\u015fvuru d\\u00f6neminde en fazla \\u00fc\\u00e7 farkl\\u0131 programa ba\\u015fvuru yapabilmektedir.\\u00a0<\\\/p>\",\"title\":\"Ayn\\u0131 anda ka\\u00e7 farkl\\u0131 programa ba\\u015fvuru yap\\u0131labilmektedir?\"}},{\"type\":\"accordion_item\",\"props\":{\"content\":\"\n\n<p>Lisans\\u00fcst\\u00fc ba\\u015fvuru ve kabul s\\u00fcreci \\u0130T\\u00dc LEE taraf\\u0131ndan y\\u00fcr\\u00fct\\u00fclmektedir. Bu sebeple adaylar\\u0131n ba\\u015fvuralar\\u0131 sonras\\u0131 s\\u0131nav\\\/m\\u00fclakat gibi uygulamalar ile ilgili tarih ve yer bilgilerini \\u0130T\\u00dc LEE Web sayfas\\u0131n\\u0131n ilgili b\\u00f6l\\u00fcm\\u00fcnden (https:\\\/\\\/lee.itu.edu.tr\\\/egitim\\\/program-mulakat-bilgileri) takip etmeleri gerekmektedir.\\u00a0<\\\/p>\",\"title\":\"Ba\\u015fvuru sonras\\u0131 s\\u0131nav veya m\\u00fclakat bilgilerini nas\\u0131l edinebilirim?\"}},{\"type\":\"accordion_item\",\"props\":{\"content\":\"\n\n<p>Ba\\u015fvuru sonras\\u0131 s\\u0131nav s\\u00fcre\\u00e7lerinin tamamlanmas\\u0131n\\u0131n ard\\u0131ndan sonu\\u00e7lar \\u00d6\\u011frenci \\u0130\\u015fleri Daire Ba\\u015fkanl\\u0131\\u011f\\u0131 web sayfas\\u0131 (https:\\\/\\\/www.sis.itu.edu.tr\\\/) \\u00fczerinden takip edilmelidir.<\\\/p>\",\"title\":\"S\\u0131nav\\\/M\\u00fclakat sonu\\u00e7lar\\u0131 nereden ilan edilmektedir? \"}},{\"type\":\"accordion_item\",\"props\":{\"content\":\"\n\n<p>Sanat Tarihi Y\\u00fcksek Lisans program\\u0131 i\\u00e7in 500 s\\u00f6zc\\u00fckten olu\\u015fan, Sanat Tarihi Doktora program\\u0131 i\\u00e7in 1000 s\\u00f6zc\\u00fckten olu\\u015fan bir mektup haz\\u0131rlanmal\\u0131d\\u0131r. Bu mektup \\u00e7al\\u0131\\u015f\\u0131lmas\\u0131 d\\u00fc\\u015f\\u00fcn\\u00fclen tez \\u00f6nerisini de kapsamal\\u0131d\\u0131r. Mektup MS Office vb. bir bilgisayar program\\u0131 ile dijital ortamda haz\\u0131rlanmal\\u0131, yaz\\u0131m kurallar\\u0131na uygun olmal\\u0131d\\u0131r. \\u00a0Niyet mektubu elektronik ba\\u015fvuru s\\u0131ras\\u0131nda s\\u0131ras\\u0131nda sisteme y\\u00fcklenmelidir.\\u00a0<\\\/p>\",\"title\":\"Niyet mektubumu nas\\u0131l haz\\u0131rlamal\\u0131y\\u0131m? \"}},{\"type\":\"accordion_item\",\"props\":{\"content\":\"\n\n<p>\\u0130T\\u00dc Sanat Tarihi program\\u0131 s\\u0131n\\u0131rl\\u0131 bir kadroyla \\u00e7al\\u0131\\u015fmaktad\\u0131r. Lisans\\u00fcst\\u00fc e\\u011fitiminizin ilerleyen a\\u015famalar\\u0131nda istenmeyen sorunlar\\u0131n \\u00e7\\u0131kmamas\\u0131 ve nitelikli \\u00e7al\\u0131\\u015fmalar\\u0131n yap\\u0131labilmesi i\\u00e7in b\\u00f6yle bir zorunluluk bulunmaktad\\u0131r. Bu kapsamda program\\u0131n akademik kadrosunda bulunan \\u00f6\\u011fretim \\u00fcyelerine ula\\u015farak g\\u00f6r\\u00fc\\u015fmeler yapman\\u0131z olanakl\\u0131d\\u0131r.\\u00a0<\\\/p>\",\"title\":\"\\u0130T\\u00dc i\\u00e7erisinden bir \\u00f6\\u011fretim \\u00fcyesinin niyet mektubu vermesi zorunlu mudur?\"}},{\"type\":\"accordion_item\",\"props\":{\"content\":\"\n\n<p>\\u0130T\\u00dc Sanat Tarihi program\\u0131 disiplinleraras\\u0131 bir lisans\\u00fcst\\u00fc programd\\u0131r. Y\\u00fcksek Lisans e\\u011fitimine her alandan doktora e\\u011fitimine ise lisans veya y\\u00fcksek lisans e\\u011fitimlerinden en az biri sosyal bilimler alan\\u0131nda olan adaylar ba\\u015fvuru yapabilirler.\\u00a0<\\\/p>\",\"title\":\"Kabul almak i\\u00e7in Sanat Tarihi e\\u011fitimi alm\\u0131\\u015f olmak gerekli mi?\"}},{\"type\":\"accordion_item\",\"props\":{\"content\":\"\n\n<p>\\u0130T\\u00dc, Sanat Tarihi alan\\u0131nda bir lisans program\\u0131na sahip olmad\\u0131\\u011f\\u0131 i\\u00e7in aktif bir bilimsel haz\\u0131rl\\u0131k e\\u011fitimi yapmak olanakl\\u0131 de\\u011fildir. Bu sebeple adaylar\\u0131n daha \\u00f6nceki derecelerinde sanat tarihi e\\u011fitimi alm\\u0131\\u015f olmalar\\u0131, sanat tarihi odakl\\u0131 programlara kat\\u0131lm\\u0131\\u015f olmalar\\u0131 avantaj sa\\u011flamaktad\\u0131r. Aksi durumlarda kabul almalar\\u0131 durumunda \\u00f6\\u011frencilerin bilgi eksikliklerini akademik kadronun \\u00f6nerileriyle ve kendi \\u00e7abalar\\u0131yla tamamlamas\\u0131 beklenmektedir.\\u00a0<\\\/p>\",\"title\":\"Bilimsel haz\\u0131rl\\u0131k program\\u0131 bulunmakta m\\u0131d\\u0131r?\"}}]}]}]}],\"name\":\"FAQ\"}],\"version\":\"4.3.5\"} --><\/p>\n","protected":false},"excerpt":{"rendered":"<p>Aday \u00d6\u011frenci Y\u00fcksek Lisans Ba\u015fvuru Ko\u015fullar\u0131 ALES S\u00f6zel Puan\u0131 (Min.): 70\u00a0 GRE Quantitative (Min.): 675 (Eski Sistem), 153 (Yeni Sistem) Yabanc\u0131 Dil (Min.): \u0130T\u00dc YDY &#8211; 65\/100; TOEFL \u0130BT &#8211; 78\/120; PTE Akademik &#8211; 62\/90; YDS ve Y\u00d6KD\u0130L &#8211; 65\/100\u00a0 Lisans Mezuniyet Not Ortalamas\u0131 (Min.): 2.85\/4.00 &#8211; 73.16\/100 Niyet Mektubu (Min.): 500 s\u00f6zc\u00fck (Tez \u00f6nerisi [&hellip;]<\/p>\n","protected":false},"author":1,"featured_media":0,"parent":0,"menu_order":1,"comment_status":"open","ping_status":"closed","template":"","meta":{"_acf_changed":false,"footnotes":""},"class_list":["post-22","page","type-page","status-publish","hentry"],"acf":[],"_links":{"self":[{"href":"https:\/\/sanattarihi.itu.edu.tr\/index.php?rest_route=\/wp\/v2\/pages\/22","targetHints":{"allow":["GET"]}}],"collection":[{"href":"https:\/\/sanattarihi.itu.edu.tr\/index.php?rest_route=\/wp\/v2\/pages"}],"about":[{"href":"https:\/\/sanattarihi.itu.edu.tr\/index.php?rest_route=\/wp\/v2\/types\/page"}],"author":[{"embeddable":true,"href":"https:\/\/sanattarihi.itu.edu.tr\/index.php?rest_route=\/wp\/v2\/users\/1"}],"replies":[{"embeddable":true,"href":"https:\/\/sanattarihi.itu.edu.tr\/index.php?rest_route=%2Fwp%2Fv2%2Fcomments&post=22"}],"version-history":[{"count":12,"href":"https:\/\/sanattarihi.itu.edu.tr\/index.php?rest_route=\/wp\/v2\/pages\/22\/revisions"}],"predecessor-version":[{"id":2672,"href":"https:\/\/sanattarihi.itu.edu.tr\/index.php?rest_route=\/wp\/v2\/pages\/22\/revisions\/2672"}],"wp:attachment":[{"href":"https:\/\/sanattarihi.itu.edu.tr\/index.php?rest_route=%2Fwp%2Fv2%2Fmedia&parent=22"}],"curies":[{"name":"wp","href":"https:\/\/api.w.org\/{rel}","templated":true}]}}