{"id":2746,"date":"2025-09-14T14:11:20","date_gmt":"2025-09-14T11:11:20","guid":{"rendered":"https:\/\/sanattarihi.itu.edu.tr\/?page_id=2746"},"modified":"2025-09-14T14:11:20","modified_gmt":"2025-09-14T11:11:20","slug":"iletisim-araclari","status":"publish","type":"page","link":"https:\/\/sanattarihi.itu.edu.tr\/?page_id=2746","title":{"rendered":"\u0130leti\u015fim Ara\u00e7lar\u0131"},"content":{"rendered":"<h1>\n<h1 style=\"text-align: center;\">\u0130T\u00dc \u0130leti\u015fim Ara\u00e7lar\u0131<\/h1>\n<\/h1>\n<p><img decoding=\"async\" src=\"\/wp-content\/uploads\/2025\/09\/images.jpeg\" alt=\"\"><\/p>\n<div>\n<p><span>\u0130T\u00dc&#8217;de ileti\u015fim i\u00e7in \u00e7e\u015fitli y\u00f6ntemler kullan\u0131l\u0131yor. Ayr\u0131nt\u0131lar\u0131n\u0131 ekli linklerden \u00f6\u011frenebilece\u011finiz bu ileti\u015fim ara\u00e7lar\u0131yla iletilen bilgileri alm\u0131\u015f ve anlam\u0131\u015f oldu\u011funuz varsay\u0131l\u0131yor.<\/span><\/p>\n<p><span>1. \u0130T\u00dc e-posta adresiniz: \u0130T\u00dc&#8217;ye kay\u0131t oldu\u011funuzda size tahsis edilen e-posta adresini muhakkak aktif kullanman\u0131z gerekli. \u0130T\u00dc&#8217;n\u00fcn genel bilgilendirmeleri d\u0131\u015f\u0131nda Ninova (bkz. Madde 2), vb. ara\u00e7larla yap\u0131lan duyurular da bu adresinize geliyor. Sizin de resmi yaz\u0131\u015fmalar\u0131n\u0131z\u0131 bu adresten yapman\u0131z gerekiyor. <\/span><a href=\"https:\/\/webmail.itu.edu.tr\/\" target=\"_blank\" rel=\"noopener noreferrer\">https:\/\/webmail.itu.edu.tr <\/a><span>\u00fczerinden hesab\u0131n\u0131za eri\u015febilirsiniz. \u0130T\u00dc e-posta adresinizi her g\u00fcn kontrol etmenizi \u00f6neririm.<\/span><\/p>\n<p><span>2. Ninova: \u0130T\u00dc&#8217;n\u00fcn ders haberle\u015fme platformudur. <\/span><a href=\"https:\/\/ninova.itu.edu.tr\/tr\/\" target=\"_blank\" rel=\"noopener noreferrer\">https:\/\/ninova.itu.edu.tr\/tr\/<\/a><span> adresinden \u0130T\u00dc kullan\u0131c\u0131 ad\u0131n\u0131z (e-posta adresinizdeki @&#8217;ten \u00f6nceki k\u0131s\u0131m) ve \u0130T\u00dc e-posta hesab\u0131 \u015fifrenizle giri\u015f yapabilirsiniz. Her CRN i\u00e7in ayr\u0131 Ninova sayfas\u0131 a\u00e7\u0131l\u0131yor ve duyurular, \u00f6dev y\u00fcklemeleri, k\u0131sa mesajlar bu sistem \u00fczerinden yap\u0131l\u0131yor. Ninova&#8217;ya dersinizle ilgili y\u00fcklenen her \u015feyin bilgisi de \u0130T\u00dc e-posta adresinize ve \u0130T\u00dc Mobil&#8217;e (bkz. Madde 3) iletiliyor.<\/span><\/p>\n<p><span>D\u0130KKAT: Her hocan\u0131n dersleri i\u00e7in Ninova&#8217;da alan a\u00e7ma zorunlulu\u011fu bulunmuyor. Ninova&#8217;y\u0131 aktif kullanmayan hocalar, ders ileti\u015fimi i\u00e7in tercih ettikleri di\u011fer y\u00f6ntemleri kendileri derslerde belirtiyorlar. Bu hususun takibi \u00f6\u011frencinin sorumlulu\u011fundad\u0131r.<\/span><\/p>\n<p><span>3. \u0130T\u00dc Mobil: Ak\u0131ll\u0131 telefonunuz varsa t\u00fcm uygulama ma\u011fazalar\u0131ndan \u00fccretsiz edinip, telefonunuza kurabilece\u011finiz Mobil \u0130leti\u015fim Sistemi&#8217;dir. Ninova, vb. bildirimlerini buradan almak i\u00e7in \u0130T\u00dc hesab\u0131n\u0131zla \u0130T\u00dc Mobil&#8217;e login olman\u0131z gerekmektedir. Konuyla ilgili gerekirse Bilgi \u0130\u015flem Daire Ba\u015fkanl\u0131\u011f\u0131&#8217;na (B\u0130DB) ba\u015fvurabilirsiniz.<\/span><\/p>\n<p><span>4. Yard\u0131m Bileti: \u0130T\u00dc&#8217;de resmi sorular\u0131n\u0131z ve sorunlar\u0131n\u0131z i\u00e7in ilgili birimlere do\u011frudan sorunuzu sorabilece\u011finiz ve ald\u0131\u011f\u0131n\u0131z cevab\u0131n resmi nitelik ta\u015f\u0131d\u0131\u011f\u0131 bir sistemdir. <\/span><a href=\"https:\/\/yardim.itu.edu.tr\/\" target=\"_blank\" rel=\"noopener noreferrer\">https:\/\/yardim.itu.edu.tr\/<\/a><span> adresine yine \u0130T\u00dc kullan\u0131c\u0131 ad\u0131 ve \u015fifrenizle girerek, ilgili birime iletilmek \u00fczere yard\u0131m bileti olu\u015fturabilirsiniz.<\/span><\/p>\n<\/div>\n<p><!--more--><br \/>\n<!-- {\"type\":\"layout\",\"children\":[{\"type\":\"section\",\"props\":{\"image_position\":\"center-center\",\"style\":\"default\",\"title_breakpoint\":\"xl\",\"title_position\":\"top-left\",\"title_rotation\":\"left\",\"vertical_align\":\"middle\",\"width\":\"default\"},\"children\":[{\"type\":\"row\",\"children\":[{\"type\":\"column\",\"props\":{\"image_position\":\"center-center\",\"position_sticky_breakpoint\":\"m\"},\"children\":[{\"type\":\"headline\",\"props\":{\"content\":\"\n\n<h1 style=\\\"text-align: center;\\\">\\u0130T\\u00dc \\u0130leti\\u015fim Ara\\u00e7lar\\u0131<\\\/h1>\",\"title_element\":\"h1\"}}]}]},{\"type\":\"row\",\"props\":{\"layout\":\"1-3,1-3,1-3\"},\"children\":[{\"type\":\"column\",\"props\":{\"image_position\":\"center-center\",\"position_sticky_breakpoint\":\"m\",\"width_medium\":\"1-3\"}},{\"type\":\"column\",\"props\":{\"image_position\":\"center-center\",\"position_sticky_breakpoint\":\"m\",\"width_medium\":\"1-3\"},\"children\":[{\"type\":\"image\",\"props\":{\"image\":\"wp-content\\\/uploads\\\/2025\\\/09\\\/images.jpeg\",\"image_svg_color\":\"emphasis\",\"margin\":\"default\"}}]},{\"type\":\"column\",\"props\":{\"image_position\":\"center-center\",\"position_sticky_breakpoint\":\"m\",\"width_medium\":\"1-3\"}}]},{\"type\":\"row\",\"children\":[{\"type\":\"column\",\"props\":{\"image_position\":\"center-center\",\"position_sticky_breakpoint\":\"m\"},\"children\":[{\"type\":\"text\",\"props\":{\"column_breakpoint\":\"m\",\"content\":\"\n\n<p><span>\\u0130T\\u00dc'de ileti\\u015fim i\\u00e7in \\u00e7e\\u015fitli y\\u00f6ntemler kullan\\u0131l\\u0131yor. Ayr\\u0131nt\\u0131lar\\u0131n\\u0131 ekli linklerden \\u00f6\\u011frenebilece\\u011finiz bu ileti\\u015fim ara\\u00e7lar\\u0131yla iletilen bilgileri alm\\u0131\\u015f ve anlam\\u0131\\u015f oldu\\u011funuz varsay\\u0131l\\u0131yor.<\\\/span><br \\\/><br \\\/><span>1. \\u0130T\\u00dc e-posta adresiniz: \\u0130T\\u00dc'ye kay\\u0131t oldu\\u011funuzda size tahsis edilen e-posta adresini muhakkak aktif kullanman\\u0131z gerekli. \\u0130T\\u00dc'n\\u00fcn genel bilgilendirmeleri d\\u0131\\u015f\\u0131nda Ninova (bkz. Madde 2), vb. ara\\u00e7larla yap\\u0131lan duyurular da bu adresinize geliyor. Sizin de resmi yaz\\u0131\\u015fmalar\\u0131n\\u0131z\\u0131 bu adresten yapman\\u0131z gerekiyor. <\\\/span><a href=\\\"https:\\\/\\\/webmail.itu.edu.tr\\\/\\\" target=\\\"_blank\\\" rel=\\\"noopener noreferrer\\\">https:\\\/\\\/webmail.itu.edu.tr <\\\/a><span>\\u00fczerinden hesab\\u0131n\\u0131za eri\\u015febilirsiniz. \\u0130T\\u00dc e-posta adresinizi her g\\u00fcn kontrol etmenizi \\u00f6neririm.<\\\/span><br \\\/><br \\\/><span>2. Ninova: \\u0130T\\u00dc'n\\u00fcn ders haberle\\u015fme platformudur. <\\\/span><a href=\\\"https:\\\/\\\/ninova.itu.edu.tr\\\/tr\\\/\\\" target=\\\"_blank\\\" rel=\\\"noopener noreferrer\\\">https:\\\/\\\/ninova.itu.edu.tr\\\/tr\\\/<\\\/a><span> adresinden \\u0130T\\u00dc kullan\\u0131c\\u0131 ad\\u0131n\\u0131z (e-posta adresinizdeki @'ten \\u00f6nceki k\\u0131s\\u0131m) ve \\u0130T\\u00dc e-posta hesab\\u0131 \\u015fifrenizle giri\\u015f yapabilirsiniz. Her CRN i\\u00e7in ayr\\u0131 Ninova sayfas\\u0131 a\\u00e7\\u0131l\\u0131yor ve duyurular, \\u00f6dev y\\u00fcklemeleri, k\\u0131sa mesajlar bu sistem \\u00fczerinden yap\\u0131l\\u0131yor. Ninova'ya dersinizle ilgili y\\u00fcklenen her \\u015feyin bilgisi de \\u0130T\\u00dc e-posta adresinize ve \\u0130T\\u00dc Mobil'e (bkz. Madde 3) iletiliyor.<\\\/span><br \\\/><br \\\/><span>D\\u0130KKAT: Her hocan\\u0131n dersleri i\\u00e7in Ninova'da alan a\\u00e7ma zorunlulu\\u011fu bulunmuyor. Ninova'y\\u0131 aktif kullanmayan hocalar, ders ileti\\u015fimi i\\u00e7in tercih ettikleri di\\u011fer y\\u00f6ntemleri kendileri derslerde belirtiyorlar. Bu hususun takibi \\u00f6\\u011frencinin sorumlulu\\u011fundad\\u0131r.<\\\/span><br \\\/><br \\\/><span>3. \\u0130T\\u00dc Mobil: Ak\\u0131ll\\u0131 telefonunuz varsa t\\u00fcm uygulama ma\\u011fazalar\\u0131ndan \\u00fccretsiz edinip, telefonunuza kurabilece\\u011finiz Mobil \\u0130leti\\u015fim Sistemi'dir. Ninova, vb. bildirimlerini buradan almak i\\u00e7in \\u0130T\\u00dc hesab\\u0131n\\u0131zla \\u0130T\\u00dc Mobil'e login olman\\u0131z gerekmektedir. Konuyla ilgili gerekirse Bilgi \\u0130\\u015flem Daire Ba\\u015fkanl\\u0131\\u011f\\u0131'na (B\\u0130DB) ba\\u015fvurabilirsiniz.<\\\/span><br \\\/><br \\\/><span>4. Yard\\u0131m Bileti: \\u0130T\\u00dc'de resmi sorular\\u0131n\\u0131z ve sorunlar\\u0131n\\u0131z i\\u00e7in ilgili birimlere do\\u011frudan sorunuzu sorabilece\\u011finiz ve ald\\u0131\\u011f\\u0131n\\u0131z cevab\\u0131n resmi nitelik ta\\u015f\\u0131d\\u0131\\u011f\\u0131 bir sistemdir. <\\\/span><a href=\\\"https:\\\/\\\/yardim.itu.edu.tr\\\/\\\" target=\\\"_blank\\\" rel=\\\"noopener noreferrer\\\">https:\\\/\\\/yardim.itu.edu.tr\\\/<\\\/a><span> adresine yine \\u0130T\\u00dc kullan\\u0131c\\u0131 ad\\u0131 ve \\u015fifrenizle girerek, ilgili birime iletilmek \\u00fczere yard\\u0131m bileti olu\\u015fturabilirsiniz.<\\\/span><\\\/p>\",\"margin\":\"default\"}}]}]}]}],\"version\":\"4.3.5\"} --><\/p>\n","protected":false},"excerpt":{"rendered":"<p>\u0130T\u00dc \u0130leti\u015fim Ara\u00e7lar\u0131 \u0130T\u00dc&#8217;de ileti\u015fim i\u00e7in \u00e7e\u015fitli y\u00f6ntemler kullan\u0131l\u0131yor. Ayr\u0131nt\u0131lar\u0131n\u0131 ekli linklerden \u00f6\u011frenebilece\u011finiz bu ileti\u015fim ara\u00e7lar\u0131yla iletilen bilgileri alm\u0131\u015f ve anlam\u0131\u015f oldu\u011funuz varsay\u0131l\u0131yor. 1. \u0130T\u00dc e-posta adresiniz: \u0130T\u00dc&#8217;ye kay\u0131t oldu\u011funuzda size tahsis edilen e-posta adresini muhakkak aktif kullanman\u0131z gerekli. \u0130T\u00dc&#8217;n\u00fcn genel bilgilendirmeleri d\u0131\u015f\u0131nda Ninova (bkz. Madde 2), vb. ara\u00e7larla yap\u0131lan duyurular da bu adresinize geliyor. [&hellip;]<\/p>\n","protected":false},"author":1,"featured_media":0,"parent":0,"menu_order":0,"comment_status":"closed","ping_status":"closed","template":"","meta":{"_acf_changed":false,"footnotes":""},"class_list":["post-2746","page","type-page","status-publish","hentry"],"acf":[],"_links":{"self":[{"href":"https:\/\/sanattarihi.itu.edu.tr\/index.php?rest_route=\/wp\/v2\/pages\/2746","targetHints":{"allow":["GET"]}}],"collection":[{"href":"https:\/\/sanattarihi.itu.edu.tr\/index.php?rest_route=\/wp\/v2\/pages"}],"about":[{"href":"https:\/\/sanattarihi.itu.edu.tr\/index.php?rest_route=\/wp\/v2\/types\/page"}],"author":[{"embeddable":true,"href":"https:\/\/sanattarihi.itu.edu.tr\/index.php?rest_route=\/wp\/v2\/users\/1"}],"replies":[{"embeddable":true,"href":"https:\/\/sanattarihi.itu.edu.tr\/index.php?rest_route=%2Fwp%2Fv2%2Fcomments&post=2746"}],"version-history":[{"count":2,"href":"https:\/\/sanattarihi.itu.edu.tr\/index.php?rest_route=\/wp\/v2\/pages\/2746\/revisions"}],"predecessor-version":[{"id":2749,"href":"https:\/\/sanattarihi.itu.edu.tr\/index.php?rest_route=\/wp\/v2\/pages\/2746\/revisions\/2749"}],"wp:attachment":[{"href":"https:\/\/sanattarihi.itu.edu.tr\/index.php?rest_route=%2Fwp%2Fv2%2Fmedia&parent=2746"}],"curies":[{"name":"wp","href":"https:\/\/api.w.org\/{rel}","templated":true}]}}