{"id":42,"date":"2021-09-28T09:00:04","date_gmt":"2021-09-28T09:00:04","guid":{"rendered":"http:\/\/bant06.xyz\/?p=42"},"modified":"2025-06-18T18:24:34","modified_gmt":"2025-06-18T18:24:34","slug":"contact","status":"publish","type":"page","link":"https:\/\/sanattarihi.itu.edu.tr\/?page_id=42","title":{"rendered":"\u0130leti\u015fim"},"content":{"rendered":"<p><img decoding=\"async\" src=\"\/wp-content\/uploads\/yootheme\/line-20.svg\" alt=\"\"><\/p>\n<h1>\u0130leti\u015fim<\/h1>\n<div>\n\n<div class=\"wpcf7 no-js\" id=\"wpcf7-f2642-o1\" lang=\"en-US\" dir=\"ltr\" data-wpcf7-id=\"2642\">\n<div class=\"screen-reader-response\"><p role=\"status\" aria-live=\"polite\" aria-atomic=\"true\"><\/p> <ul><\/ul><\/div>\n<form action=\"\/index.php?rest_route=%2Fwp%2Fv2%2Fpages%2F42#wpcf7-f2642-o1\" method=\"post\" class=\"wpcf7-form init\" aria-label=\"Contact form\" novalidate=\"novalidate\" data-status=\"init\">\n<div style=\"display: none;\">\n<input type=\"hidden\" name=\"_wpcf7\" value=\"2642\" \/>\n<input type=\"hidden\" name=\"_wpcf7_version\" value=\"6.0.6\" \/>\n<input type=\"hidden\" name=\"_wpcf7_locale\" value=\"en_US\" \/>\n<input type=\"hidden\" name=\"_wpcf7_unit_tag\" value=\"wpcf7-f2642-o1\" \/>\n<input type=\"hidden\" name=\"_wpcf7_container_post\" value=\"0\" \/>\n<input type=\"hidden\" name=\"_wpcf7_posted_data_hash\" value=\"\" \/>\n<\/div>\n<p><label> Ad\u0131n\u0131z<br \/>\n<span class=\"wpcf7-form-control-wrap\" data-name=\"your-name\"><input size=\"40\" maxlength=\"400\" class=\"wpcf7-form-control wpcf7-text wpcf7-validates-as-required\" autocomplete=\"name\" aria-required=\"true\" aria-invalid=\"false\" value=\"\" type=\"text\" name=\"your-name\" \/><\/span> <\/label>\n<\/p>\n<p><label> E-Posta Adresiniz<br \/>\n<span class=\"wpcf7-form-control-wrap\" data-name=\"your-email\"><input size=\"40\" maxlength=\"400\" class=\"wpcf7-form-control wpcf7-email wpcf7-validates-as-required wpcf7-text wpcf7-validates-as-email\" autocomplete=\"email\" aria-required=\"true\" aria-invalid=\"false\" value=\"\" type=\"email\" name=\"your-email\" \/><\/span> <\/label>\n<\/p>\n<p><label> Konu<br \/>\n<span class=\"wpcf7-form-control-wrap\" data-name=\"your-subject\"><input size=\"40\" maxlength=\"400\" class=\"wpcf7-form-control wpcf7-text wpcf7-validates-as-required\" aria-required=\"true\" aria-invalid=\"false\" value=\"\" type=\"text\" name=\"your-subject\" \/><\/span> <\/label>\n<\/p>\n<p><label> Mesaj\u0131n\u0131z<br \/>\n<span class=\"wpcf7-form-control-wrap\" data-name=\"your-message\"><textarea cols=\"40\" rows=\"10\" maxlength=\"2000\" class=\"wpcf7-form-control wpcf7-textarea\" aria-invalid=\"false\" name=\"your-message\"><\/textarea><\/span> <\/label>\n<\/p>\n<p><input class=\"wpcf7-form-control wpcf7-submit has-spinner\" type=\"submit\" value=\"G\u00f6nder\" \/>\n<\/p><div class=\"wpcf7-response-output\" aria-hidden=\"true\"><\/div>\n<\/form>\n<\/div>\n<\/div>\n<h2>Adres<\/h2>\n<div>\n<div><b><span>\u0130stanbul Teknik \u00dcniversitesi, Ta\u015fk\u0131\u015fla Yerle\u015fkesi, \u015ei\u015fli 34367 \u0130stanbul<\/span><\/b><\/div>\n<div><\/div>\n<\/div>\n<p>\n    <a href=\"https:\/\/www.google.com\/maps\/place\/\u0130stanbul+Teknik+\u00dcniversitesi+Mimarl\u0131k+Fak\u00fcltesi\/@41.0412544,28.989575,15z\/data=!4m6!3m5!1s0x14cab77197a68d47:0x7670a414023a7b37!8m2!3d41.0412544!4d28.989575!16s%2Fm%2F0bh79l4?entry=ttu\">Yol Tarifi<\/a>\n<\/p>\n<h2>Bilgi<\/h2>\n<div>\n<p>sanattarihi@itu.edu.tr<\/p>\n<\/div>\n<h2>Sosyal<\/h2>\n<ul>\n<li><a href=\"https:\/\/www.facebook.com\">facebook<\/a>\n<\/li>\n<li><a href=\"https:\/\/instagram.com\">instagram<\/a>\n<\/li>\n<li><a href=\"https:\/\/twitter.com\/\">twitter<\/a>\n<\/li>\n<\/ul>\n<p><img decoding=\"async\" src=\"\/wp-content\/uploads\/yootheme\/line-19.svg\" alt=\"\"><\/p>\n<p><!--more--><br \/>\n<!-- {\"type\":\"layout\",\"children\":[{\"type\":\"section\",\"props\":{\"class\":\"uk-position-relative\",\"header_transparent\":true,\"header_transparent_noplaceholder\":false,\"header_transparent_text_color\":\"dark\",\"image_position\":\"center-center\",\"padding\":\"xlarge\",\"padding_remove_bottom\":true,\"style\":\"primary\",\"title_breakpoint\":\"xl\",\"title_position\":\"top-left\",\"title_rotation\":\"left\",\"vertical_align\":\"middle\",\"width\":\"\"},\"children\":[{\"type\":\"row\",\"children\":[{\"type\":\"column\",\"props\":{\"css\":\".el-column > * { position: static; }\",\"image_position\":\"center-center\",\"position_sticky_breakpoint\":\"m\"},\"children\":[{\"type\":\"image\",\"props\":{\"css\":\".el-image { max-width: 40vw; }\",\"image\":\"wp-content\\\/uploads\\\/yootheme\\\/line-20.svg\",\"image_height\":\"465\",\"image_loading\":true,\"image_svg_animate\":true,\"image_svg_color\":\"emphasis\",\"image_svg_inline\":true,\"image_width\":\"340\",\"margin\":\"default\",\"position\":\"absolute\",\"position_right\":\"0\",\"position_top\":\"0\",\"text_align\":\"right\",\"visibility\":\"s\"}}]}],\"props\":{\"margin\":\"remove-vertical\"}},{\"type\":\"row\",\"props\":{\"margin\":\"large\",\"margin_remove_top\":true,\"width\":\"default\"},\"children\":[{\"type\":\"column\",\"props\":{\"image_position\":\"center-center\",\"position_sticky_breakpoint\":\"m\"},\"children\":[{\"type\":\"headline\",\"props\":{\"content\":\"\\u0130leti\\u015fim\",\"margin\":\"xlarge\",\"position\":\"relative\",\"position_z_index\":\"1\",\"text_align\":\"center\",\"title_element\":\"h1\",\"title_style\":\"heading-xlarge\"}}]}]},{\"type\":\"row\",\"props\":{\"layout\":\"1-3,1-3,1-3\"},\"children\":[{\"type\":\"column\",\"props\":{\"image_position\":\"center-center\",\"position_sticky_breakpoint\":\"m\",\"width_medium\":\"1-3\"}},{\"type\":\"column\",\"props\":{\"image_position\":\"center-center\",\"position_sticky_breakpoint\":\"m\",\"width_medium\":\"1-3\"},\"children\":[{\"type\":\"html\",\"props\":{\"content\":\"[contact-form-7 id=\\\"0e272e2\\\" title=\\\"\\u0130leti\\u015fim\\\"]\"}}]},{\"type\":\"column\",\"props\":{\"image_position\":\"center-center\",\"position_sticky_breakpoint\":\"m\",\"width_medium\":\"1-3\"}}]},{\"type\":\"row\",\"props\":{\"margin\":\"large\",\"width\":\"default\"},\"children\":[{\"type\":\"column\",\"props\":{\"image_position\":\"center-center\",\"position_sticky_breakpoint\":\"m\"},\"children\":[{\"type\":\"headline\",\"props\":{\"content\":\"Adres\",\"margin\":\"large\",\"margin_remove_bottom\":true,\"position\":\"relative\",\"position_z_index\":\"1\",\"text_align\":\"center\",\"title_element\":\"h2\",\"title_style\":\"h6\"}},{\"type\":\"text\",\"props\":{\"column_breakpoint\":\"m\",\"content\":\"\n\n<div><b><span>\\u0130stanbul Teknik \\u00dcniversitesi, Ta\\u015fk\\u0131\\u015fla Yerle\\u015fkesi, \\u015ei\\u015fli 34367 \\u0130stanbul<\\\/span><\\\/b><\\\/div>\\n\n\n<div><\\\/div>\",\"margin\":\"default\",\"margin_remove_bottom\":true,\"position\":\"relative\",\"position_z_index\":\"1\",\"text_align\":\"center\",\"text_style\":\"large\"}},{\"type\":\"button\",\"props\":{\"grid_column_gap\":\"small\",\"grid_row_gap\":\"small\",\"margin\":\"small\",\"position\":\"relative\",\"position_z_index\":\"1\",\"text_align\":\"center\"},\"children\":[{\"type\":\"button_item\",\"props\":{\"button_style\":\"text\",\"content\":\"Yol Tarifi\",\"icon_align\":\"left\",\"link\":\"https:\\\/\\\/www.google.com\\\/maps\\\/place\\\/\\u0130stanbul+Teknik+\\u00dcniversitesi+Mimarl\\u0131k+Fak\\u00fcltesi\\\/@41.0412544,28.989575,15z\\\/data=!4m6!3m5!1s0x14cab77197a68d47:0x7670a414023a7b37!8m2!3d41.0412544!4d28.989575!16s%2Fm%2F0bh79l4?entry=ttu\",\"link_target\":\"blank\"}}]}]}]},{\"type\":\"row\",\"props\":{\"margin\":\"large\",\"width\":\"default\"},\"children\":[{\"type\":\"column\",\"props\":{\"image_position\":\"center-center\",\"position_sticky_breakpoint\":\"m\"},\"children\":[{\"type\":\"headline\",\"props\":{\"content\":\"Bilgi\",\"margin\":\"large\",\"margin_remove_bottom\":true,\"position\":\"relative\",\"position_z_index\":\"1\",\"text_align\":\"center\",\"title_element\":\"h2\",\"title_style\":\"h6\"}},{\"type\":\"text\",\"props\":{\"column_breakpoint\":\"m\",\"content\":\"\n\n<p>sanattarihi@itu.edu.tr<\\\/p>\",\"margin\":\"default\",\"margin_remove_bottom\":true,\"position\":\"relative\",\"position_z_index\":\"1\",\"text_align\":\"center\",\"text_style\":\"large\"}}]}]},{\"type\":\"row\",\"props\":{\"margin\":\"large\",\"width\":\"default\"},\"children\":[{\"type\":\"column\",\"props\":{\"image_position\":\"center-center\",\"position_sticky_breakpoint\":\"m\"},\"children\":[{\"type\":\"headline\",\"props\":{\"content\":\"Sosyal\",\"margin_remove_bottom\":true,\"position\":\"relative\",\"position_z_index\":\"1\",\"text_align\":\"center\",\"title_element\":\"h2\",\"title_style\":\"h6\"}},{\"type\":\"social\",\"props\":{\"grid\":\"horizontal\",\"grid_gap\":\"small\",\"image_svg_inline\":true,\"link_style\":\"button\",\"link_target\":true,\"margin\":\"default\",\"position\":\"relative\",\"position_z_index\":\"1\",\"text_align\":\"center\"},\"children\":[{\"type\":\"social_item\",\"props\":{\"link\":\"https:\\\/\\\/www.facebook.com\"}},{\"type\":\"social_item\",\"props\":{\"link\":\"https:\\\/\\\/instagram.com\"}},{\"type\":\"social_item\",\"props\":{\"link\":\"https:\\\/\\\/twitter.com\\\/\"}}]}]}]},{\"type\":\"row\",\"children\":[{\"type\":\"column\",\"props\":{\"image_position\":\"center-center\",\"position_sticky_breakpoint\":\"m\"},\"children\":[{\"type\":\"image\",\"props\":{\"image\":\"wp-content\\\/uploads\\\/yootheme\\\/line-19.svg\",\"image_height\":\"923\",\"image_loading\":true,\"image_svg_animate\":true,\"image_svg_color\":\"emphasis\",\"image_svg_inline\":true,\"image_width\":\"2560\",\"margin\":\"default\",\"position\":\"absolute\",\"position_bottom\":\"-200\",\"position_left\":\"0\",\"position_z_index\":\"0\",\"text_align\":\"left\",\"visibility\":\"l\"}}]}],\"props\":{\"margin\":\"remove-vertical\"}}],\"name\":\"Contact\",\"modified\":\"2021-09-28T09:31:56.668Z\"}],\"version\":\"4.3.5\"} --><\/p>\n","protected":false},"excerpt":{"rendered":"<p>\u0130leti\u015fim Adres \u0130stanbul Teknik \u00dcniversitesi, Ta\u015fk\u0131\u015fla Yerle\u015fkesi, \u015ei\u015fli 34367 \u0130stanbul Yol Tarifi Bilgi sanattarihi@itu.edu.tr Sosyal facebook instagram twitter<\/p>\n","protected":false},"author":1,"featured_media":0,"parent":0,"menu_order":0,"comment_status":"open","ping_status":"closed","template":"","meta":{"_acf_changed":false,"footnotes":""},"class_list":["post-42","page","type-page","status-publish","hentry"],"acf":[],"_links":{"self":[{"href":"https:\/\/sanattarihi.itu.edu.tr\/index.php?rest_route=\/wp\/v2\/pages\/42","targetHints":{"allow":["GET"]}}],"collection":[{"href":"https:\/\/sanattarihi.itu.edu.tr\/index.php?rest_route=\/wp\/v2\/pages"}],"about":[{"href":"https:\/\/sanattarihi.itu.edu.tr\/index.php?rest_route=\/wp\/v2\/types\/page"}],"author":[{"embeddable":true,"href":"https:\/\/sanattarihi.itu.edu.tr\/index.php?rest_route=\/wp\/v2\/users\/1"}],"replies":[{"embeddable":true,"href":"https:\/\/sanattarihi.itu.edu.tr\/index.php?rest_route=%2Fwp%2Fv2%2Fcomments&post=42"}],"version-history":[{"count":5,"href":"https:\/\/sanattarihi.itu.edu.tr\/index.php?rest_route=\/wp\/v2\/pages\/42\/revisions"}],"predecessor-version":[{"id":2684,"href":"https:\/\/sanattarihi.itu.edu.tr\/index.php?rest_route=\/wp\/v2\/pages\/42\/revisions\/2684"}],"wp:attachment":[{"href":"https:\/\/sanattarihi.itu.edu.tr\/index.php?rest_route=%2Fwp%2Fv2%2Fmedia&parent=42"}],"curies":[{"name":"wp","href":"https:\/\/api.w.org\/{rel}","templated":true}]}}